{"id":301,"date":"2024-01-09T19:27:58","date_gmt":"2024-01-09T19:27:58","guid":{"rendered":"https:\/\/hspn.consulting\/?page_id=301"},"modified":"2024-01-26T14:33:12","modified_gmt":"2024-01-26T14:33:12","slug":"home","status":"publish","type":"page","link":"https:\/\/hspn.consulting\/es\/","title":{"rendered":"Home"},"content":{"rendered":"\n\n\n<section id=\"content-block_a10fdceccbe241f5dc06fd8c95037857\" class=\"alignfull section hero-section  alignfull\">\n\n    <img decoding=\"async\" class=\"foto\" src=\"https:\/\/hspn.consulting\/wp-content\/uploads\/2024\/01\/Foto-Homepage-HSPN-paprika-met-hand.jpg\" alt=\"\" \/>\n\n      <div class=\"container\">\n        <div class=\"row\">\n          <div class=\"col-xl-5\">\n            <h1>\n              Business development\r\n<strong>in specialty plant nutrition<\/strong>            <\/h1>\n          <\/div>\n        <\/div>\n      <\/div>\n      <div class=\"bottom-arrow-box\">\n        <img decoding=\"async\" src=\"https:\/\/hspn.consulting\/wp-content\/themes\/HSPN\/src\/images\/yellow-arrow2.svg\" \/>\n      <\/div>\n    <\/section>\n\n    <section class=\"alignfull section yellow-section\">\n      <div class=\"container\">\n        <div class=\"row\">\n          <div class=\"col-md-12\">\n            <p>La fertilizaci\u00f3n adecuada, aplicada con los fertilizantes adecuados, contribuye a una eficiencia \u00f3ptima y a una lixiviaci\u00f3n m\u00ednima de nutrientes en el medio ambiente. Para una agricultura y horticultura sostenibles y preparadas para el futuro, la optimizaci\u00f3n de la fertilizaci\u00f3n es uno de los factores clave.<\/p>\n<p>Y eso es exactamente lo que representa HSPN Consulting. Con nuestro conocimiento y experiencia, contribuimos a la optimizaci\u00f3n de la nutrici\u00f3n vegetal al servicio de fabricantes y distribuidores de fertilizantes solubles en agua. En todas las etapas: desde la base cient\u00edfica hasta el lanzamiento comercial. D\u00f3nde y cu\u00e1ndo incorporar depende de usted.<\/p>\n\n\n                                    <a href=\"https:\/\/hspn.consulting\/es\/hspn-consulting\/\" target=\"_self\">Leer m\u00e1s sobre HSPN Consulting<\/a>\n                \n          <\/div>\n        <\/div>\n      <\/div>\n    <\/section>\n\n\n\n\n\n\n\n\n<div style=\"height:100px\" aria-hidden=\"true\" class=\"wp-block-spacer\"><\/div>\n\n\n\n<div class=\"wp-block-columns is-layout-flex wp-container-core-columns-is-layout-9d6595d7 wp-block-columns-is-layout-flex\">\n<div class=\"wp-block-column is-layout-flow wp-block-column-is-layout-flow\" style=\"flex-basis:41%\">\n<h2 class=\"wp-block-heading\"><strong><strong><strong>Nutrici\u00f3n vegetal de especialidad<\/strong><\/strong><\/strong><\/h2>\n\n\n\n<p>En el mundo de la agricultura de precisi\u00f3n, los fertilizantes solubles en agua son cruciales para cualquier cultivo. A pesar de los conocimientos existentes, los nuevos conocimientos cient\u00edficos conducen constantemente a innovaciones.<\/p>\n<\/div>\n\n\n\n<div class=\"wp-block-column is-layout-flow wp-block-column-is-layout-flow\" style=\"flex-basis:58%\">\n<p>La nutrici\u00f3n vegetal soluble en agua consiste en muchos fertilizantes simples y sus combinaciones en fertilizantes compuestos. Se siguen a\u00f1adiendo productos innovadores. La optimizaci\u00f3n de la fertilizaci\u00f3n en fertirrigaci\u00f3n y pulverizaci\u00f3n foliar no solo es esencial para el rendimiento y la calidad, sino tambi\u00e9n para la rentabilidad y el medio ambiente. HSPN Consulting, con m\u00e1s de 30 a\u00f1os de experiencia, apoya a las empresas en el desarrollo de casos de negocio s\u00f3lidos de los fertilizantes solubles en agua.<\/p>\n\n\n\n<div style=\"height:100px\" aria-hidden=\"true\" class=\"wp-block-spacer\"><\/div>\n\n\n\n<p style=\"text-transform:uppercase\"><strong><a href=\"https:\/\/hspn.consulting\/es\/fertilizantes-solubles-en-agua\">M\u00e1s informaci\u00f3n sobre LOS FERTILIZANTES SOLUBLES EN AGUA<\/a><\/strong><\/p>\n<\/div>\n<\/div>\n\n\n\n<div style=\"height:50px\" aria-hidden=\"true\" class=\"wp-block-spacer\"><\/div>\n\n\n\n\n\n\n\n\n\n  <section class=\"alignfull section publications-section\">\n    <div class=\"row fototekst\">\n      <div class=\"col-lg-5 col-xl-7 publications-bg-box\">\n            <img decoding=\"async\" class=\"foto\" src=\"https:\/\/hspn.consulting\/wp-content\/uploads\/2024\/01\/15.-Strawberry-NL.jpg\" alt=\"\" \/>\n\n      <\/div>\n      <div class=\"col-lg-7 col-xl-5 publications-text-col blauw\">\n        <div class=\"text-box\">\n          <h2>Desarrollo de negocios<\/h2>\n          <p>HSPN Consulting surge de las necesidades y deseos tanto de la planta como del cliente. Esto comienza con una base agron\u00f3mica exhaustiva y un estudio del mercado, seguido de un marketing inteligente y una comunicaci\u00f3n clara para finalmente llegar a un caso de negocio exitoso. Desde expresar claramente el problema hasta encontrar la mejor soluci\u00f3n.<\/p>\n\n\n                                    <a href=\"https:\/\/hspn.consulting\/es\/publicaties\/\" target=\"_self\">Ir a los blogs<\/a>\n                \n\n        <\/div>\n        <img decoding=\"async\" src=\"https:\/\/hspn.consulting\/wp-content\/themes\/HSPN\/src\/images\/a-drop.svg\" class=\"a-drop-image\" \/>\n      <\/div>\n    <\/div>\n  <\/section>\n\n\n\n<div style=\"height:100px\" aria-hidden=\"true\" class=\"wp-block-spacer\"><\/div>\n\n\n\n<div class=\"wp-block-columns is-layout-flex wp-container-core-columns-is-layout-9d6595d7 wp-block-columns-is-layout-flex\">\n<div class=\"wp-block-column is-layout-flow wp-block-column-is-layout-flow\" style=\"flex-basis:41%\">\n<h2 class=\"wp-block-heading\" style=\"text-transform:uppercase\">Blogs<\/h2>\n\n\n\n<p><strong>La investigaci\u00f3n exhaustiva es la base del \u00e9xito del desarrollo de mercados y productos. Los estudios de casos del mundo real se explican en una serie de blogs sobre estrategias de crecimiento empresarial y materiales de marketing de SPN.<\/strong><\/p>\n<\/div>\n\n\n\n<div class=\"wp-block-column is-layout-flow wp-block-column-is-layout-flow\" style=\"flex-basis:58%\">\n<p>Durante los \u00faltimos 30 a\u00f1os, Harmen Tjalling Holwerda, fundador de HSPN Consulting, ha creado una serie de publicaciones junto con sus colegas. En blogs, comparte sus experiencias en el desarrollo de estrategias exitosas de crecimiento empresarial para fertilizantes solubles en agua basadas en investigaciones cient\u00edficas. Tambi\u00e9n escribe blogs sobre sus materiales de marketing publicados, como manuales y videos sobre nutrici\u00f3n y fertilizaci\u00f3n de plantas.<\/p>\n\n\n\n<div style=\"height:100px\" aria-hidden=\"true\" class=\"wp-block-spacer\"><\/div>\n\n\n\n<p style=\"text-transform:uppercase\"><strong><a href=\"https:\/\/hspn.consulting\/es\/business-development\/\">M\u00e1s informaci\u00f3n sobre <strong><a href=\"https:\/\/hspn.consulting\/es\/business-development\/\">el desarrollo de negocios<\/a><\/strong><\/a><\/strong><\/p>\n<\/div>\n<\/div>\n\n\n\n<div style=\"height:100px\" aria-hidden=\"true\" class=\"wp-block-spacer\"><\/div>\n","protected":false},"excerpt":{"rendered":"<p>Nutrici\u00f3n vegetal de especialidad En el mundo de la agricultura de precisi\u00f3n, los fertilizantes solubles en agua son cruciales para cualquier cultivo. A pesar de los conocimientos existentes, los nuevos conocimientos cient\u00edficos conducen constantemente a innovaciones. La nutrici\u00f3n vegetal soluble en agua consiste en muchos fertilizantes simples y sus combinaciones en fertilizantes compuestos. Se siguen [&hellip;]<\/p>\n","protected":false},"author":2,"featured_media":0,"parent":0,"menu_order":0,"comment_status":"closed","ping_status":"closed","template":"","meta":{"_acf_changed":false,"inline_featured_image":false,"footnotes":""},"class_list":["post-301","page","type-page","status-publish","hentry"],"acf":[],"yoast_head":"<!-- This site is optimized with the Yoast SEO plugin v27.6 - https:\/\/yoast.com\/product\/yoast-seo-wordpress\/ -->\n<title>Home - HSPN Consulting<\/title>\n<meta name=\"robots\" content=\"index, follow, max-snippet:-1, max-image-preview:large, max-video-preview:-1\" \/>\n<link rel=\"canonical\" href=\"https:\/\/hspn.consulting\/es\/\" \/>\n<meta property=\"og:locale\" content=\"es_ES\" \/>\n<meta property=\"og:type\" content=\"article\" \/>\n<meta property=\"og:title\" content=\"Home - HSPN Consulting\" \/>\n<meta property=\"og:description\" content=\"Nutrici\u00f3n vegetal de especialidad En el mundo de la agricultura de precisi\u00f3n, los fertilizantes solubles en agua son cruciales para cualquier cultivo. A pesar de los conocimientos existentes, los nuevos conocimientos cient\u00edficos conducen constantemente a innovaciones. La nutrici\u00f3n vegetal soluble en agua consiste en muchos fertilizantes simples y sus combinaciones en fertilizantes compuestos. Se siguen [&hellip;]\" \/>\n<meta property=\"og:url\" content=\"https:\/\/hspn.consulting\/es\/\" \/>\n<meta property=\"og:site_name\" content=\"HSPN Consulting\" \/>\n<meta property=\"article:modified_time\" content=\"2024-01-26T14:33:12+00:00\" \/>\n<meta name=\"twitter:card\" content=\"summary_large_image\" \/>\n<meta name=\"twitter:label1\" content=\"Tiempo de lectura\" \/>\n\t<meta name=\"twitter:data1\" content=\"2 minutos\" \/>\n<script type=\"application\/ld+json\" class=\"yoast-schema-graph\">{\"@context\":\"https:\\\/\\\/schema.org\",\"@graph\":[{\"@type\":\"WebPage\",\"@id\":\"https:\\\/\\\/hspn.consulting\\\/es\\\/\",\"url\":\"https:\\\/\\\/hspn.consulting\\\/es\\\/\",\"name\":\"Home - HSPN Consulting\",\"isPartOf\":{\"@id\":\"https:\\\/\\\/hspn.consulting\\\/es\\\/#website\"},\"datePublished\":\"2024-01-09T19:27:58+00:00\",\"dateModified\":\"2024-01-26T14:33:12+00:00\",\"breadcrumb\":{\"@id\":\"https:\\\/\\\/hspn.consulting\\\/es\\\/#breadcrumb\"},\"inLanguage\":\"es\",\"potentialAction\":[{\"@type\":\"ReadAction\",\"target\":[\"https:\\\/\\\/hspn.consulting\\\/es\\\/\"]}]},{\"@type\":\"BreadcrumbList\",\"@id\":\"https:\\\/\\\/hspn.consulting\\\/es\\\/#breadcrumb\",\"itemListElement\":[{\"@type\":\"ListItem\",\"position\":1,\"name\":\"Home\",\"item\":\"https:\\\/\\\/hspn.consulting\\\/es\\\/\"},{\"@type\":\"ListItem\",\"position\":2,\"name\":\"Home\"}]},{\"@type\":\"WebSite\",\"@id\":\"https:\\\/\\\/hspn.consulting\\\/es\\\/#website\",\"url\":\"https:\\\/\\\/hspn.consulting\\\/es\\\/\",\"name\":\"HSPN Consulting\",\"description\":\"\",\"potentialAction\":[{\"@type\":\"SearchAction\",\"target\":{\"@type\":\"EntryPoint\",\"urlTemplate\":\"https:\\\/\\\/hspn.consulting\\\/es\\\/?s={search_term_string}\"},\"query-input\":{\"@type\":\"PropertyValueSpecification\",\"valueRequired\":true,\"valueName\":\"search_term_string\"}}],\"inLanguage\":\"es\"}]}<\/script>\n<!-- \/ Yoast SEO plugin. -->","yoast_head_json":{"title":"Home - HSPN Consulting","robots":{"index":"index","follow":"follow","max-snippet":"max-snippet:-1","max-image-preview":"max-image-preview:large","max-video-preview":"max-video-preview:-1"},"canonical":"https:\/\/hspn.consulting\/es\/","og_locale":"es_ES","og_type":"article","og_title":"Home - HSPN Consulting","og_description":"Nutrici\u00f3n vegetal de especialidad En el mundo de la agricultura de precisi\u00f3n, los fertilizantes solubles en agua son cruciales para cualquier cultivo. A pesar de los conocimientos existentes, los nuevos conocimientos cient\u00edficos conducen constantemente a innovaciones. La nutrici\u00f3n vegetal soluble en agua consiste en muchos fertilizantes simples y sus combinaciones en fertilizantes compuestos. Se siguen [&hellip;]","og_url":"https:\/\/hspn.consulting\/es\/","og_site_name":"HSPN Consulting","article_modified_time":"2024-01-26T14:33:12+00:00","twitter_card":"summary_large_image","twitter_misc":{"Tiempo de lectura":"2 minutos"},"schema":{"@context":"https:\/\/schema.org","@graph":[{"@type":"WebPage","@id":"https:\/\/hspn.consulting\/es\/","url":"https:\/\/hspn.consulting\/es\/","name":"Home - HSPN Consulting","isPartOf":{"@id":"https:\/\/hspn.consulting\/es\/#website"},"datePublished":"2024-01-09T19:27:58+00:00","dateModified":"2024-01-26T14:33:12+00:00","breadcrumb":{"@id":"https:\/\/hspn.consulting\/es\/#breadcrumb"},"inLanguage":"es","potentialAction":[{"@type":"ReadAction","target":["https:\/\/hspn.consulting\/es\/"]}]},{"@type":"BreadcrumbList","@id":"https:\/\/hspn.consulting\/es\/#breadcrumb","itemListElement":[{"@type":"ListItem","position":1,"name":"Home","item":"https:\/\/hspn.consulting\/es\/"},{"@type":"ListItem","position":2,"name":"Home"}]},{"@type":"WebSite","@id":"https:\/\/hspn.consulting\/es\/#website","url":"https:\/\/hspn.consulting\/es\/","name":"HSPN Consulting","description":"","potentialAction":[{"@type":"SearchAction","target":{"@type":"EntryPoint","urlTemplate":"https:\/\/hspn.consulting\/es\/?s={search_term_string}"},"query-input":{"@type":"PropertyValueSpecification","valueRequired":true,"valueName":"search_term_string"}}],"inLanguage":"es"}]}},"_links":{"self":[{"href":"https:\/\/hspn.consulting\/es\/wp-json\/wp\/v2\/pages\/301","targetHints":{"allow":["GET"]}}],"collection":[{"href":"https:\/\/hspn.consulting\/es\/wp-json\/wp\/v2\/pages"}],"about":[{"href":"https:\/\/hspn.consulting\/es\/wp-json\/wp\/v2\/types\/page"}],"author":[{"embeddable":true,"href":"https:\/\/hspn.consulting\/es\/wp-json\/wp\/v2\/users\/2"}],"replies":[{"embeddable":true,"href":"https:\/\/hspn.consulting\/es\/wp-json\/wp\/v2\/comments?post=301"}],"version-history":[{"count":9,"href":"https:\/\/hspn.consulting\/es\/wp-json\/wp\/v2\/pages\/301\/revisions"}],"predecessor-version":[{"id":878,"href":"https:\/\/hspn.consulting\/es\/wp-json\/wp\/v2\/pages\/301\/revisions\/878"}],"wp:attachment":[{"href":"https:\/\/hspn.consulting\/es\/wp-json\/wp\/v2\/media?parent=301"}],"curies":[{"name":"wp","href":"https:\/\/api.w.org\/{rel}","templated":true}]}}