{"id":315,"date":"2024-01-10T13:13:34","date_gmt":"2024-01-10T13:13:34","guid":{"rendered":"https:\/\/hspn.consulting\/?page_id=315"},"modified":"2024-01-17T19:23:37","modified_gmt":"2024-01-17T19:23:37","slug":"desarrollo-de-negocios","status":"publish","type":"page","link":"https:\/\/hspn.consulting\/es\/desarrollo-de-negocios\/","title":{"rendered":"Desarrollo de negocios"},"content":{"rendered":"\n\n\n\n\n<section class=\"alignfull section page-3-hero-section\">\n  <div class=\"container\">\n    <div class=\"row\">\n      <div class=\"col-lg-5\">\n        <div class=\"title-box\">\n            <h1>\n              <strong>Desarrollo de negocios<\/strong>            <\/h1>\n        <\/div>\n      <\/div>\n      <div class=\"col-lg-7\">\n        <div class=\"text-box\" style=\"padding-bottom: 30px;\">\n          <p>El suministro de fertilizantes solubles en agua y sus combinaciones parece ser infinito. Solo en ese campo, hay mucho para elegir para los agricultores y productores. Adem\u00e1s, constantemente se desarrollan nuevos productos basados en conocimientos cient\u00edficos. Como fabricante o distribuidor, \u00bfc\u00f3mo se asegura de que los productos correctos lleguen al usuario final (el productor) con el asesoramiento adecuado? En resumen, \u00bfc\u00f3mo genera \u00e9xito con su oferta?<\/p>\n\n                \n\n        <\/div>\n      <\/div>\n    <\/div>\n  <\/div>\n  <img decoding=\"async\" src=\"https:\/\/hspn.consulting\/wp-content\/themes\/HSPN\/src\/images\/yellow-arrow.svg\" class=\"bottom-arrow\" \/>\n<\/section>\n\n<section class=\"alignfull section page-3-bg-section\">\n     <img decoding=\"async\" class=\"foto\" src=\"https:\/\/hspn.consulting\/wp-content\/uploads\/2024\/01\/3.-Yellow-tomato-NL.jpg\" alt=\"\" \/>\n<\/section>\n\n\n\n\n\n\n<div style=\"height:100px\" aria-hidden=\"true\" class=\"wp-block-spacer\"><\/div>\n\n\n\n<div class=\"wp-block-columns is-layout-flex wp-container-core-columns-is-layout-9d6595d7 wp-block-columns-is-layout-flex\">\n<div class=\"wp-block-column is-layout-flow wp-block-column-is-layout-flow\" style=\"flex-basis:10%\"><\/div>\n\n\n\n<div class=\"wp-block-column is-layout-flow wp-block-column-is-layout-flow\" style=\"flex-basis:80%\">\n<p><strong>Planta y cliente<\/strong><br>HSPN Consulting nace de las necesidades y los deseos tanto de la planta como del cliente. Esto comienza con una base agron\u00f3mica exhaustiva y un estudio del mercado, seguido de un marketing inteligente y una comunicaci\u00f3n clara. Con el fin de llegar finalmente a un caso de negocio exitoso. Desde formular claramente el problema hasta encontrar la mejor soluci\u00f3n.&nbsp;<\/p>\n\n\n\n<p><em>Hechos por encima de opiniones<\/em><\/p>\n\n\n\n<p>\u00bfSignifica esto empezar por lo b\u00e1sico? No, al contrario. HSPN Consulting piensa y trabaja sobre la base de la experiencia y el conocimiento existentes en fertilizantes y nutrici\u00f3n vegetal. Hechos por encima de opiniones. De la ciencia a la pr\u00e1ctica. Investigaci\u00f3n cient\u00edfica para cerrar las \u00abbrechas de conocimiento\u00bb y proporcionar puntos de venta \u00fanicos y ventajas competitivas para respaldar la venta de ciertos fertilizantes.<\/p>\n\n\n\n<p>\u00a1El conocimiento debe ser compartido! Por eso los ensayos cient\u00edficos se publican en revistas cient\u00edficas indexadas, que se presentan en conferencias internacionales y se incorporan a cursos de capacitaci\u00f3n para distribuidores.<\/p>\n\n\n\n<div style=\"height:50px\" aria-hidden=\"true\" class=\"wp-block-spacer\"><\/div>\n<\/div>\n\n\n\n<div class=\"wp-block-column is-layout-flow wp-block-column-is-layout-flow\" style=\"flex-basis:10%\"><\/div>\n<\/div>\n\n\n\n<div class=\"wp-block-columns is-layout-flex wp-container-core-columns-is-layout-9d6595d7 wp-block-columns-is-layout-flex\">\n<div class=\"wp-block-column is-layout-flow wp-block-column-is-layout-flow\" style=\"flex-basis:10%\"><\/div>\n\n\n\n<div class=\"wp-block-column is-layout-flow wp-block-column-is-layout-flow\" style=\"flex-basis:80%\">\n<h2 class=\"wp-block-heading\"><strong>Los tres pilares de HSPN Consulting<\/strong><\/h2>\n\n\n\n<p>De la ciencia a la pr\u00e1ctica. Eso es lo que representa HSPN Consulting. La elaboraci\u00f3n de esto se desarrolla en tres pasos. Los tres pilares de HSPN Consulting.<\/p>\n\n\n\n<p><\/p>\n\n\n\n<p><strong>1) An\u00e1lisis cient\u00edfico<\/strong><br>Una base cient\u00edfica s\u00f3lida complementada con ensayos controlados constituye una base esencial para el \u00e9xito de un caso de negocio. \u00bfQuiz\u00e1s ya hay muchos datos disponibles y le gustar\u00eda un an\u00e1lisis exhaustivo para determinar las posibilidades de \u00e9xito? Tambi\u00e9n podr\u00eda ser que est\u00e9 buscando espec\u00edficamente una mayor fundamentaci\u00f3n cient\u00edfica de su producto antes de tomar medidas de seguimiento (costosas). En ambos casos, HSPN Consulting est\u00e1 listo para ayudarle.<\/p>\n\n\n\n<p><strong>2) Transferencia de conocimientos<\/strong><br>La transferencia de conocimientos es de suma importancia cuando se trata de introducciones en el mercado dentro del marketing B2B. Los agr\u00f3nomos y los especialistas en cultivos tienen un papel importante que desempe\u00f1ar en esto. Necesitan estar convencidos del valor a\u00f1adido de los nuevos productos o conceptos. En otras palabras: la ciencia debe ser llevada al mercado a trav\u00e9s de un producto. HSPN Consulting ofrece un amplio apoyo en este sentido. De diversas formas: piense en la definici\u00f3n de combinaciones exitosas de producto y mercado, (ayudando en) dar conferencias y formar a los empleados t\u00e9cnico-comerciales.<\/p>\n\n\n\n<p>Incluso es posible la participaci\u00f3n o el apoyo en la organizaci\u00f3n de una conferencia internacional. Independientemente de las formas de transferencia de conocimiento que se utilicen. El objetivo es siempre llevar la informaci\u00f3n correcta a los responsables de la toma de decisiones adecuados y convencerlos del valor a\u00f1adido.<\/p>\n\n\n\n<p><strong>3) Materiales de marketing y comunicaciones<\/strong><br>Por supuesto, el desarrollo de materiales de marketing y comunicaci\u00f3n es responsabilidad principalmente de los departamentos especializados. El cuello de botella es que estos departamentos a menudo carecen de conocimientos especializados sobre nutrici\u00f3n y fertilizaci\u00f3n de plantas. Y es por eso que HSPN Consulting ofrece apoyo con el desarrollo de herramientas de comunicaci\u00f3n. Piense en folletos informativos, manuales o contenido para el sitio web. Pero tambi\u00e9n, por ejemplo, crear un buen contenido de v\u00eddeo que se pueda utilizar durante las presentaciones o a trav\u00e9s de los propios canales online, o material para la prensa. Para la elaboraci\u00f3n creativa, es posible trabajar junto con su \u00abpropia\u00bb agencia de comunicaci\u00f3n o con un socio colaborador de HSPN Consulting.<\/p>\n<\/div>\n\n\n\n<div class=\"wp-block-column is-layout-flow wp-block-column-is-layout-flow\" style=\"flex-basis:10%\"><\/div>\n<\/div>\n\n\n\n<div style=\"height:100px\" aria-hidden=\"true\" class=\"wp-block-spacer\"><\/div>\n","protected":false},"excerpt":{"rendered":"<p>Planta y clienteHSPN Consulting nace de las necesidades y los deseos tanto de la planta como del cliente. Esto comienza con una base agron\u00f3mica exhaustiva y un estudio del mercado, seguido de un marketing inteligente y una comunicaci\u00f3n clara. Con el fin de llegar finalmente a un caso de negocio exitoso. Desde formular claramente el [&hellip;]<\/p>\n","protected":false},"author":2,"featured_media":0,"parent":0,"menu_order":0,"comment_status":"closed","ping_status":"closed","template":"","meta":{"_acf_changed":false,"inline_featured_image":false,"footnotes":""},"class_list":["post-315","page","type-page","status-publish","hentry"],"acf":[],"yoast_head":"<!-- This site is optimized with the Yoast SEO plugin v27.3 - https:\/\/yoast.com\/product\/yoast-seo-wordpress\/ -->\n<title>Desarrollo de negocios - HSPN Consulting<\/title>\n<meta name=\"robots\" content=\"index, follow, max-snippet:-1, max-image-preview:large, max-video-preview:-1\" \/>\n<link rel=\"canonical\" href=\"https:\/\/hspn.consulting\/es\/desarrollo-de-negocios\/\" \/>\n<meta property=\"og:locale\" content=\"es_ES\" \/>\n<meta property=\"og:type\" content=\"article\" \/>\n<meta property=\"og:title\" content=\"Desarrollo de negocios - HSPN Consulting\" \/>\n<meta property=\"og:description\" content=\"Planta y clienteHSPN Consulting nace de las necesidades y los deseos tanto de la planta como del cliente. Esto comienza con una base agron\u00f3mica exhaustiva y un estudio del mercado, seguido de un marketing inteligente y una comunicaci\u00f3n clara. Con el fin de llegar finalmente a un caso de negocio exitoso. Desde formular claramente el [&hellip;]\" \/>\n<meta property=\"og:url\" content=\"https:\/\/hspn.consulting\/es\/desarrollo-de-negocios\/\" \/>\n<meta property=\"og:site_name\" content=\"HSPN Consulting\" \/>\n<meta property=\"article:modified_time\" content=\"2024-01-17T19:23:37+00:00\" \/>\n<meta name=\"twitter:card\" content=\"summary_large_image\" \/>\n<meta name=\"twitter:label1\" content=\"Tiempo de lectura\" \/>\n\t<meta name=\"twitter:data1\" content=\"3 minutos\" \/>\n<script type=\"application\/ld+json\" class=\"yoast-schema-graph\">{\"@context\":\"https:\\\/\\\/schema.org\",\"@graph\":[{\"@type\":\"WebPage\",\"@id\":\"https:\\\/\\\/hspn.consulting\\\/es\\\/desarrollo-de-negocios\\\/\",\"url\":\"https:\\\/\\\/hspn.consulting\\\/es\\\/desarrollo-de-negocios\\\/\",\"name\":\"Desarrollo de negocios - HSPN Consulting\",\"isPartOf\":{\"@id\":\"https:\\\/\\\/hspn.consulting\\\/es\\\/#website\"},\"datePublished\":\"2024-01-10T13:13:34+00:00\",\"dateModified\":\"2024-01-17T19:23:37+00:00\",\"breadcrumb\":{\"@id\":\"https:\\\/\\\/hspn.consulting\\\/es\\\/desarrollo-de-negocios\\\/#breadcrumb\"},\"inLanguage\":\"es\",\"potentialAction\":[{\"@type\":\"ReadAction\",\"target\":[\"https:\\\/\\\/hspn.consulting\\\/es\\\/desarrollo-de-negocios\\\/\"]}]},{\"@type\":\"BreadcrumbList\",\"@id\":\"https:\\\/\\\/hspn.consulting\\\/es\\\/desarrollo-de-negocios\\\/#breadcrumb\",\"itemListElement\":[{\"@type\":\"ListItem\",\"position\":1,\"name\":\"Home\",\"item\":\"https:\\\/\\\/hspn.consulting\\\/es\\\/\"},{\"@type\":\"ListItem\",\"position\":2,\"name\":\"Desarrollo de negocios\"}]},{\"@type\":\"WebSite\",\"@id\":\"https:\\\/\\\/hspn.consulting\\\/es\\\/#website\",\"url\":\"https:\\\/\\\/hspn.consulting\\\/es\\\/\",\"name\":\"HSPN Consulting\",\"description\":\"\",\"potentialAction\":[{\"@type\":\"SearchAction\",\"target\":{\"@type\":\"EntryPoint\",\"urlTemplate\":\"https:\\\/\\\/hspn.consulting\\\/es\\\/?s={search_term_string}\"},\"query-input\":{\"@type\":\"PropertyValueSpecification\",\"valueRequired\":true,\"valueName\":\"search_term_string\"}}],\"inLanguage\":\"es\"}]}<\/script>\n<!-- \/ Yoast SEO plugin. -->","yoast_head_json":{"title":"Desarrollo de negocios - HSPN Consulting","robots":{"index":"index","follow":"follow","max-snippet":"max-snippet:-1","max-image-preview":"max-image-preview:large","max-video-preview":"max-video-preview:-1"},"canonical":"https:\/\/hspn.consulting\/es\/desarrollo-de-negocios\/","og_locale":"es_ES","og_type":"article","og_title":"Desarrollo de negocios - HSPN Consulting","og_description":"Planta y clienteHSPN Consulting nace de las necesidades y los deseos tanto de la planta como del cliente. Esto comienza con una base agron\u00f3mica exhaustiva y un estudio del mercado, seguido de un marketing inteligente y una comunicaci\u00f3n clara. Con el fin de llegar finalmente a un caso de negocio exitoso. Desde formular claramente el [&hellip;]","og_url":"https:\/\/hspn.consulting\/es\/desarrollo-de-negocios\/","og_site_name":"HSPN Consulting","article_modified_time":"2024-01-17T19:23:37+00:00","twitter_card":"summary_large_image","twitter_misc":{"Tiempo de lectura":"3 minutos"},"schema":{"@context":"https:\/\/schema.org","@graph":[{"@type":"WebPage","@id":"https:\/\/hspn.consulting\/es\/desarrollo-de-negocios\/","url":"https:\/\/hspn.consulting\/es\/desarrollo-de-negocios\/","name":"Desarrollo de negocios - HSPN Consulting","isPartOf":{"@id":"https:\/\/hspn.consulting\/es\/#website"},"datePublished":"2024-01-10T13:13:34+00:00","dateModified":"2024-01-17T19:23:37+00:00","breadcrumb":{"@id":"https:\/\/hspn.consulting\/es\/desarrollo-de-negocios\/#breadcrumb"},"inLanguage":"es","potentialAction":[{"@type":"ReadAction","target":["https:\/\/hspn.consulting\/es\/desarrollo-de-negocios\/"]}]},{"@type":"BreadcrumbList","@id":"https:\/\/hspn.consulting\/es\/desarrollo-de-negocios\/#breadcrumb","itemListElement":[{"@type":"ListItem","position":1,"name":"Home","item":"https:\/\/hspn.consulting\/es\/"},{"@type":"ListItem","position":2,"name":"Desarrollo de negocios"}]},{"@type":"WebSite","@id":"https:\/\/hspn.consulting\/es\/#website","url":"https:\/\/hspn.consulting\/es\/","name":"HSPN Consulting","description":"","potentialAction":[{"@type":"SearchAction","target":{"@type":"EntryPoint","urlTemplate":"https:\/\/hspn.consulting\/es\/?s={search_term_string}"},"query-input":{"@type":"PropertyValueSpecification","valueRequired":true,"valueName":"search_term_string"}}],"inLanguage":"es"}]}},"_links":{"self":[{"href":"https:\/\/hspn.consulting\/es\/wp-json\/wp\/v2\/pages\/315","targetHints":{"allow":["GET"]}}],"collection":[{"href":"https:\/\/hspn.consulting\/es\/wp-json\/wp\/v2\/pages"}],"about":[{"href":"https:\/\/hspn.consulting\/es\/wp-json\/wp\/v2\/types\/page"}],"author":[{"embeddable":true,"href":"https:\/\/hspn.consulting\/es\/wp-json\/wp\/v2\/users\/2"}],"replies":[{"embeddable":true,"href":"https:\/\/hspn.consulting\/es\/wp-json\/wp\/v2\/comments?post=315"}],"version-history":[{"count":7,"href":"https:\/\/hspn.consulting\/es\/wp-json\/wp\/v2\/pages\/315\/revisions"}],"predecessor-version":[{"id":362,"href":"https:\/\/hspn.consulting\/es\/wp-json\/wp\/v2\/pages\/315\/revisions\/362"}],"wp:attachment":[{"href":"https:\/\/hspn.consulting\/es\/wp-json\/wp\/v2\/media?parent=315"}],"curies":[{"name":"wp","href":"https:\/\/api.w.org\/{rel}","templated":true}]}}