{"id":330,"date":"2024-01-10T13:13:26","date_gmt":"2024-01-10T13:13:26","guid":{"rendered":"https:\/\/hspn.consulting\/?page_id=330"},"modified":"2024-02-05T09:41:22","modified_gmt":"2024-02-05T09:41:22","slug":"hspn-consulting","status":"publish","type":"page","link":"https:\/\/hspn.consulting\/es\/hspn-consulting\/","title":{"rendered":"HSPN Consulting"},"content":{"rendered":"\n\n\n\n\n<section class=\"alignfull section page-3-hero-section\">\n  <div class=\"container\">\n    <div class=\"row\">\n      <div class=\"col-lg-5\">\n        <div class=\"title-box\">\n            <h1>\n              HSPN Consulting\r\n\r\n&nbsp;            <\/h1>\n        <\/div>\n      <\/div>\n      <div class=\"col-lg-7\">\n        <div class=\"text-box\" style=\"padding-bottom: 30px;\">\n          <p>HSPN Consulting son las siglas de Holwerda Specialty Plant Nutrition Consulting, que fue fundada por Harmen Tjalling Holwerda.<\/p>\n\n                \n\n        <\/div>\n      <\/div>\n    <\/div>\n  <\/div>\n  <img decoding=\"async\" src=\"https:\/\/hspn.consulting\/wp-content\/themes\/HSPN\/src\/images\/yellow-arrow.svg\" class=\"bottom-arrow\" \/>\n<\/section>\n\n<section class=\"alignfull section page-3-bg-section\">\n     <img decoding=\"async\" class=\"foto\" src=\"https:\/\/hspn.consulting\/wp-content\/uploads\/2024\/01\/hspn-profiel.jpg\" alt=\"\" \/>\n<\/section>\n\n\n\n\n\n\n<div style=\"height:100px\" aria-hidden=\"true\" class=\"wp-block-spacer\"><\/div>\n\n\n\n<div class=\"wp-block-columns is-layout-flex wp-container-core-columns-is-layout-9d6595d7 wp-block-columns-is-layout-flex\">\n<div class=\"wp-block-column is-layout-flow wp-block-column-is-layout-flow\" style=\"flex-basis:10%\"><\/div>\n\n\n\n<div class=\"wp-block-column is-layout-flow wp-block-column-is-layout-flow\" style=\"flex-basis:80%\">\n<p><strong><strong>Educaci\u00f3n<\/strong><\/strong><\/p>\n\n\n\n<p>Un gran inter\u00e9s por la agronom\u00eda llev\u00f3 a Holwerda a la Universidad Agr\u00edcola de Wageningen en los Pa\u00edses Bajos, donde complet\u00f3 su M\u00e1ster de Ciencias (MSc) en Agronom\u00eda en 1991. De 2006 a 2008, Holwerda estudi\u00f3 un M\u00e1ster Ejecutivo en Administraci\u00f3n de Empresas (Executive MBA con enfoque en emprendimiento) en la Flanders Business School \/ Kellogg School of Management, donde completa \u00abcon distinci\u00f3n\u00bb su segundo M\u00e1ster.<\/p>\n\n\n\n<div style=\"height:50px\" aria-hidden=\"true\" class=\"wp-block-spacer\"><\/div>\n<\/div>\n\n\n\n<div class=\"wp-block-column is-layout-flow wp-block-column-is-layout-flow\" style=\"flex-basis:10%\"><\/div>\n<\/div>\n\n\n\n<div class=\"wp-block-columns is-layout-flex wp-container-core-columns-is-layout-9d6595d7 wp-block-columns-is-layout-flex\">\n<div class=\"wp-block-column is-layout-flow wp-block-column-is-layout-flow\" style=\"flex-basis:10%\"><\/div>\n\n\n\n<div class=\"wp-block-column is-layout-flow wp-block-column-is-layout-flow\" style=\"flex-basis:80%\">\n<p><strong>Trayectoria profesional<\/strong><\/p>\n\n\n\n<p>Desde hace m\u00e1s de 30 a\u00f1os, Holwerda opera para SQM, l\u00edder del mercado mundial en la producci\u00f3n y comercializaci\u00f3n de nitrato de potasio (KNO3) y NPKs solubles en agua, sucesivamente en ventas internacionales, marketing y desarrollo comercial de fertilizantes solubles en agua, aplicados tanto en fertirrigaci\u00f3n, como foliar o directa en suelo. Durante los \u00faltimos cinco a\u00f1os, se ha desempe\u00f1ado como Director Senior de Fusiones y Adquisiciones, Estrategia y Desarrollo de Negocios en SQM International NV.\u00a0<\/p>\n\n\n\n<div style=\"height:50px\" aria-hidden=\"true\" class=\"wp-block-spacer\"><\/div>\n<\/div>\n\n\n\n<div class=\"wp-block-column is-layout-flow wp-block-column-is-layout-flow\" style=\"flex-basis:10%\"><\/div>\n<\/div>\n\n\n\n<div class=\"wp-block-columns is-layout-flex wp-container-core-columns-is-layout-9d6595d7 wp-block-columns-is-layout-flex\">\n<div class=\"wp-block-column is-layout-flow wp-block-column-is-layout-flow\" style=\"flex-basis:10%\"><\/div>\n\n\n\n<div class=\"wp-block-column is-layout-flow wp-block-column-is-layout-flow\" style=\"flex-basis:80%\">\n<p><strong>HSPN Consulting<\/strong><\/p>\n\n\n\n<p>En 2024 se fund\u00f3 HSPN Consulting. En esta empresa, el conocimiento, la experiencia y la red internacional de Holwerda siguen estando ampliamente disponibles para desarrollar y comercializar negocios exitosos en el campo de la nutrici\u00f3n vegetal soluble en agua.<\/p>\n\n\n\n<p>Un primer pilar importante de HSPN Consulting es la fundamentaci\u00f3n cient\u00edfica. No como un fin en s\u00ed mismo, sino puramente como un medio para generar nuevos negocios.<\/p>\n<\/div>\n\n\n\n<div class=\"wp-block-column is-layout-flow wp-block-column-is-layout-flow\" style=\"flex-basis:10%\"><\/div>\n<\/div>\n\n\n\n<div style=\"height:100px\" aria-hidden=\"true\" class=\"wp-block-spacer\"><\/div>\n","protected":false},"excerpt":{"rendered":"<p>Educaci\u00f3n Un gran inter\u00e9s por la agronom\u00eda llev\u00f3 a Holwerda a la Universidad Agr\u00edcola de Wageningen en los Pa\u00edses Bajos, donde complet\u00f3 su M\u00e1ster de Ciencias (MSc) en Agronom\u00eda en 1991. De 2006 a 2008, Holwerda estudi\u00f3 un M\u00e1ster Ejecutivo en Administraci\u00f3n de Empresas (Executive MBA con enfoque en emprendimiento) en la Flanders Business School [&hellip;]<\/p>\n","protected":false},"author":2,"featured_media":0,"parent":0,"menu_order":0,"comment_status":"closed","ping_status":"closed","template":"","meta":{"_acf_changed":false,"inline_featured_image":false,"footnotes":""},"class_list":["post-330","page","type-page","status-publish","hentry"],"acf":[],"yoast_head":"<!-- This site is optimized with the Yoast SEO plugin v27.3 - https:\/\/yoast.com\/product\/yoast-seo-wordpress\/ -->\n<title>HSPN Consulting - HSPN Consulting<\/title>\n<meta name=\"robots\" content=\"index, follow, max-snippet:-1, max-image-preview:large, max-video-preview:-1\" \/>\n<link rel=\"canonical\" href=\"https:\/\/hspn.consulting\/es\/hspn-consulting\/\" \/>\n<meta property=\"og:locale\" content=\"es_ES\" \/>\n<meta property=\"og:type\" content=\"article\" \/>\n<meta property=\"og:title\" content=\"HSPN Consulting - HSPN Consulting\" \/>\n<meta property=\"og:description\" content=\"Educaci\u00f3n Un gran inter\u00e9s por la agronom\u00eda llev\u00f3 a Holwerda a la Universidad Agr\u00edcola de Wageningen en los Pa\u00edses Bajos, donde complet\u00f3 su M\u00e1ster de Ciencias (MSc) en Agronom\u00eda en 1991. De 2006 a 2008, Holwerda estudi\u00f3 un M\u00e1ster Ejecutivo en Administraci\u00f3n de Empresas (Executive MBA con enfoque en emprendimiento) en la Flanders Business School [&hellip;]\" \/>\n<meta property=\"og:url\" content=\"https:\/\/hspn.consulting\/es\/hspn-consulting\/\" \/>\n<meta property=\"og:site_name\" content=\"HSPN Consulting\" \/>\n<meta property=\"article:modified_time\" content=\"2024-02-05T09:41:22+00:00\" \/>\n<meta name=\"twitter:card\" content=\"summary_large_image\" \/>\n<meta name=\"twitter:label1\" content=\"Tiempo de lectura\" \/>\n\t<meta name=\"twitter:data1\" content=\"1 minuto\" \/>\n<script type=\"application\/ld+json\" class=\"yoast-schema-graph\">{\"@context\":\"https:\\\/\\\/schema.org\",\"@graph\":[{\"@type\":\"WebPage\",\"@id\":\"https:\\\/\\\/hspn.consulting\\\/es\\\/hspn-consulting\\\/\",\"url\":\"https:\\\/\\\/hspn.consulting\\\/es\\\/hspn-consulting\\\/\",\"name\":\"HSPN Consulting - HSPN Consulting\",\"isPartOf\":{\"@id\":\"https:\\\/\\\/hspn.consulting\\\/es\\\/#website\"},\"datePublished\":\"2024-01-10T13:13:26+00:00\",\"dateModified\":\"2024-02-05T09:41:22+00:00\",\"breadcrumb\":{\"@id\":\"https:\\\/\\\/hspn.consulting\\\/es\\\/hspn-consulting\\\/#breadcrumb\"},\"inLanguage\":\"es\",\"potentialAction\":[{\"@type\":\"ReadAction\",\"target\":[\"https:\\\/\\\/hspn.consulting\\\/es\\\/hspn-consulting\\\/\"]}]},{\"@type\":\"BreadcrumbList\",\"@id\":\"https:\\\/\\\/hspn.consulting\\\/es\\\/hspn-consulting\\\/#breadcrumb\",\"itemListElement\":[{\"@type\":\"ListItem\",\"position\":1,\"name\":\"Home\",\"item\":\"https:\\\/\\\/hspn.consulting\\\/es\\\/\"},{\"@type\":\"ListItem\",\"position\":2,\"name\":\"HSPN Consulting\"}]},{\"@type\":\"WebSite\",\"@id\":\"https:\\\/\\\/hspn.consulting\\\/es\\\/#website\",\"url\":\"https:\\\/\\\/hspn.consulting\\\/es\\\/\",\"name\":\"HSPN Consulting\",\"description\":\"\",\"potentialAction\":[{\"@type\":\"SearchAction\",\"target\":{\"@type\":\"EntryPoint\",\"urlTemplate\":\"https:\\\/\\\/hspn.consulting\\\/es\\\/?s={search_term_string}\"},\"query-input\":{\"@type\":\"PropertyValueSpecification\",\"valueRequired\":true,\"valueName\":\"search_term_string\"}}],\"inLanguage\":\"es\"}]}<\/script>\n<!-- \/ Yoast SEO plugin. -->","yoast_head_json":{"title":"HSPN Consulting - HSPN Consulting","robots":{"index":"index","follow":"follow","max-snippet":"max-snippet:-1","max-image-preview":"max-image-preview:large","max-video-preview":"max-video-preview:-1"},"canonical":"https:\/\/hspn.consulting\/es\/hspn-consulting\/","og_locale":"es_ES","og_type":"article","og_title":"HSPN Consulting - HSPN Consulting","og_description":"Educaci\u00f3n Un gran inter\u00e9s por la agronom\u00eda llev\u00f3 a Holwerda a la Universidad Agr\u00edcola de Wageningen en los Pa\u00edses Bajos, donde complet\u00f3 su M\u00e1ster de Ciencias (MSc) en Agronom\u00eda en 1991. De 2006 a 2008, Holwerda estudi\u00f3 un M\u00e1ster Ejecutivo en Administraci\u00f3n de Empresas (Executive MBA con enfoque en emprendimiento) en la Flanders Business School [&hellip;]","og_url":"https:\/\/hspn.consulting\/es\/hspn-consulting\/","og_site_name":"HSPN Consulting","article_modified_time":"2024-02-05T09:41:22+00:00","twitter_card":"summary_large_image","twitter_misc":{"Tiempo de lectura":"1 minuto"},"schema":{"@context":"https:\/\/schema.org","@graph":[{"@type":"WebPage","@id":"https:\/\/hspn.consulting\/es\/hspn-consulting\/","url":"https:\/\/hspn.consulting\/es\/hspn-consulting\/","name":"HSPN Consulting - HSPN Consulting","isPartOf":{"@id":"https:\/\/hspn.consulting\/es\/#website"},"datePublished":"2024-01-10T13:13:26+00:00","dateModified":"2024-02-05T09:41:22+00:00","breadcrumb":{"@id":"https:\/\/hspn.consulting\/es\/hspn-consulting\/#breadcrumb"},"inLanguage":"es","potentialAction":[{"@type":"ReadAction","target":["https:\/\/hspn.consulting\/es\/hspn-consulting\/"]}]},{"@type":"BreadcrumbList","@id":"https:\/\/hspn.consulting\/es\/hspn-consulting\/#breadcrumb","itemListElement":[{"@type":"ListItem","position":1,"name":"Home","item":"https:\/\/hspn.consulting\/es\/"},{"@type":"ListItem","position":2,"name":"HSPN Consulting"}]},{"@type":"WebSite","@id":"https:\/\/hspn.consulting\/es\/#website","url":"https:\/\/hspn.consulting\/es\/","name":"HSPN Consulting","description":"","potentialAction":[{"@type":"SearchAction","target":{"@type":"EntryPoint","urlTemplate":"https:\/\/hspn.consulting\/es\/?s={search_term_string}"},"query-input":{"@type":"PropertyValueSpecification","valueRequired":true,"valueName":"search_term_string"}}],"inLanguage":"es"}]}},"_links":{"self":[{"href":"https:\/\/hspn.consulting\/es\/wp-json\/wp\/v2\/pages\/330","targetHints":{"allow":["GET"]}}],"collection":[{"href":"https:\/\/hspn.consulting\/es\/wp-json\/wp\/v2\/pages"}],"about":[{"href":"https:\/\/hspn.consulting\/es\/wp-json\/wp\/v2\/types\/page"}],"author":[{"embeddable":true,"href":"https:\/\/hspn.consulting\/es\/wp-json\/wp\/v2\/users\/2"}],"replies":[{"embeddable":true,"href":"https:\/\/hspn.consulting\/es\/wp-json\/wp\/v2\/comments?post=330"}],"version-history":[{"count":3,"href":"https:\/\/hspn.consulting\/es\/wp-json\/wp\/v2\/pages\/330\/revisions"}],"predecessor-version":[{"id":958,"href":"https:\/\/hspn.consulting\/es\/wp-json\/wp\/v2\/pages\/330\/revisions\/958"}],"wp:attachment":[{"href":"https:\/\/hspn.consulting\/es\/wp-json\/wp\/v2\/media?parent=330"}],"curies":[{"name":"wp","href":"https:\/\/api.w.org\/{rel}","templated":true}]}}