{"id":335,"date":"2024-01-10T13:13:29","date_gmt":"2024-01-10T13:13:29","guid":{"rendered":"https:\/\/hspn.consulting\/?page_id=335"},"modified":"2024-01-27T16:32:13","modified_gmt":"2024-01-27T16:32:13","slug":"nutricion-vegetal-soluble-en-agua","status":"publish","type":"page","link":"https:\/\/hspn.consulting\/es\/nutricion-vegetal-soluble-en-agua\/","title":{"rendered":"Nutrici\u00f3n vegetal soluble en agua"},"content":{"rendered":"\n\n\n\n\n<section class=\"alignfull section page-3-hero-section\">\n  <div class=\"container\">\n    <div class=\"row\">\n      <div class=\"col-lg-5\">\n        <div class=\"title-box\">\n            <h1>\n              Nutrici\u00f3n vegetal soluble en agua            <\/h1>\n        <\/div>\n      <\/div>\n      <div class=\"col-lg-7\">\n        <div class=\"text-box\" style=\"padding-bottom: 30px;\">\n          <p>En la agricultura de precisi\u00f3n, como la fertirrigaci\u00f3n y la nutrici\u00f3n foliar, los fertilizantes solubles en agua son esenciales para todos los cultivos.<\/p>\n<p>Existe una enorme cantidad de conocimientos en el campo de la nutrici\u00f3n vegetal y los fertilizantes solubles en agua disponibles. Sin embargo, regularmente surgen nuevos conocimientos cient\u00edficos que conducen a innovaciones y nuevos productos.<\/p>\n\n                \n\n        <\/div>\n      <\/div>\n    <\/div>\n  <\/div>\n  <img decoding=\"async\" src=\"https:\/\/hspn.consulting\/wp-content\/themes\/HSPN\/src\/images\/yellow-arrow.svg\" class=\"bottom-arrow\" \/>\n<\/section>\n\n<section class=\"alignfull section page-3-bg-section\">\n     <img decoding=\"async\" class=\"foto\" src=\"https:\/\/hspn.consulting\/wp-content\/uploads\/2024\/01\/Foto-Homepage-HSPN-paprika-met-hand.jpg\" alt=\"\" \/>\n<\/section>\n\n\n\n\n\n\n<div style=\"height:50px\" aria-hidden=\"true\" class=\"wp-block-spacer\"><\/div>\n\n\n\n<div class=\"wp-block-columns is-not-stacked-on-mobile is-layout-flex wp-container-core-columns-is-layout-9d6595d7 wp-block-columns-is-layout-flex\">\n<div class=\"wp-block-column is-layout-flow wp-block-column-is-layout-flow\" style=\"flex-basis:20%\">\n<div style=\"height:10px\" aria-hidden=\"true\" class=\"wp-block-spacer\"><\/div>\n\n\n\n<figure class=\"wp-block-gallery aligncenter has-nested-images columns-default is-cropped wp-block-gallery-1 is-layout-flex wp-block-gallery-is-layout-flex\"><div class=\"wp-block-image\">\n<figure class=\"aligncenter size-large\"><img decoding=\"async\" src=\"https:\/\/hspn.consulting\/wp-content\/uploads\/2024\/01\/npk-icon.svg\" alt=\"\"\/><\/figure>\n<\/div><\/figure>\n<\/div>\n\n\n\n<div class=\"wp-block-column is-layout-flow wp-block-column-is-layout-flow\" style=\"flex-basis:80%\">\n<p><strong><strong>Amplia gama de fertilizantes solubles en agua<\/strong><\/strong><br>Los fertilizantes solubles en agua se pueden producir tanto individuales como compuestos, y como macro y micronutrientes. La aplicaci\u00f3n se puede realizar mediante fertirrigaci\u00f3n (en invernaderos y cultivos al aire libre) pero tambi\u00e9n como nutrici\u00f3n foliar o aplicaci\u00f3n en campo. Este amplio abanico de posibilidades hace que el conocimiento sobre nutrici\u00f3n vegetal siga avanzando.<\/p>\n<\/div>\n<\/div>\n\n\n\n<div style=\"height:30px\" aria-hidden=\"true\" class=\"wp-block-spacer\"><\/div>\n\n\n\n<div class=\"wp-block-columns is-not-stacked-on-mobile is-layout-flex wp-container-core-columns-is-layout-9d6595d7 wp-block-columns-is-layout-flex\">\n<div class=\"wp-block-column is-layout-flow wp-block-column-is-layout-flow\" style=\"flex-basis:20%\">\n<div style=\"height:10px\" aria-hidden=\"true\" class=\"wp-block-spacer\"><\/div>\n\n\n<div class=\"wp-block-image\">\n<figure class=\"aligncenter size-large\"><img loading=\"lazy\" decoding=\"async\" width=\"142\" height=\"146\" src=\"https:\/\/hspn.consulting\/wp-content\/uploads\/2024\/01\/optim.svg\" alt=\"\" class=\"wp-image-100\"\/><\/figure>\n<\/div><\/div>\n\n\n\n<div class=\"wp-block-column is-layout-flow wp-block-column-is-layout-flow\" style=\"flex-basis:80%\">\n<p><strong><strong>Amplia gama de fertilizantes solubles en agua<\/strong><\/strong><br>Los fertilizantes solubles en agua se pueden producir tanto individuales como compuestos, y como macro y micronutrientes. La aplicaci\u00f3n se puede realizar mediante fertirrigaci\u00f3n (en invernaderos y cultivos al aire libre) pero tambi\u00e9n como nutrici\u00f3n foliar o aplicaci\u00f3n en campo. Este amplio abanico de posibilidades hace que el conocimiento sobre nutrici\u00f3n vegetal siga avanzando.<\/p>\n<\/div>\n<\/div>\n\n\n\n<div style=\"height:30px\" aria-hidden=\"true\" class=\"wp-block-spacer\"><\/div>\n\n\n\n<div class=\"wp-block-columns is-not-stacked-on-mobile is-layout-flex wp-container-core-columns-is-layout-9d6595d7 wp-block-columns-is-layout-flex\">\n<div class=\"wp-block-column is-layout-flow wp-block-column-is-layout-flow\" style=\"flex-basis:20%\">\n<div style=\"height:10px\" aria-hidden=\"true\" class=\"wp-block-spacer\"><\/div>\n\n\n<div class=\"wp-block-image\">\n<figure class=\"aligncenter size-large is-resized\"><img loading=\"lazy\" decoding=\"async\" width=\"141\" height=\"141\" src=\"https:\/\/hspn.consulting\/wp-content\/uploads\/2024\/01\/sience.svg\" alt=\"\" class=\"wp-image-101\" style=\"width:auto;height:120px\"\/><\/figure>\n<\/div><\/div>\n\n\n\n<div class=\"wp-block-column is-layout-flow wp-block-column-is-layout-flow\" style=\"flex-basis:80%\">\n<p><strong>Ciencia y experiencia<\/strong><br>Debe quedar claro que hay mucho que ganar con una nutrici\u00f3n vegetal bien dosificada. Y esa es exactamente el \u00e1rea en la que opera HSPN Consulting. Desde una perspectiva cient\u00edfica y con mucha experiencia, HSPN Consulting apoya a los fabricantes y distribuidores de fertilizantes solubles en agua con el desarrollo de casos de negocio s\u00f3lidos en el campo de la nutrici\u00f3n vegetal. Con m\u00e1s de 30 a\u00f1os de experiencia y una amplia red de conocimientos, ofrecemos apoyo tanto en el desarrollo de productos como en la comercializaci\u00f3n. <a>Puede leer m\u00e1s sobre nuestro <\/a>enfoque en la secci\u00f3n  <a href=\"https:\/\/hspn.consulting\/es\/desarrollo-de-negocios\/\">Desarrollo de negocios<\/a>.<\/p>\n<\/div>\n<\/div>\n\n\n\n<div style=\"height:30px\" aria-hidden=\"true\" class=\"wp-block-spacer\"><\/div>\n\n\n\n\n\n        <section class=\"alignfull section page-3-publications-section\">\n          <div class=\"row\">\n            <div class=\"col-lg-7 col-xl-5 publications-text-col geel\">\n              <div class=\"text-box\">\n          <h2>Blogs<\/h2>\n          <p>Puede encontrar m\u00e1s informaci\u00f3n sobre la investigaci\u00f3n y los resultados exitosos en Blogs.<\/p>\n\n\n                                    <a href=\"https:\/\/hspn.consulting\/es\/publicaties\/\" target=\"_self\">Ir a los blogs<\/a>\n                              <\/div>\n              <img decoding=\"async\" src=\"https:\/\/hspn.consulting\/wp-content\/themes\/HSPN\/src\/images\/a-drop.svg\" class=\"a-drop-image\" \/>\n            <\/div>\n            <div class=\"col-lg-5 col-xl-7 publications-bg-box\">\n              \n                  <img decoding=\"async\" class=\"foto\" src=\"https:\/\/hspn.consulting\/wp-content\/uploads\/2024\/01\/Hydroponisch-geteelde-trostomaat-kas-NL-2009.jpg\" alt=\"\" \/>\n            <\/div>\n          <\/div>\n        <\/section>\n\n\n\n\n","protected":false},"excerpt":{"rendered":"<p>Amplia gama de fertilizantes solubles en aguaLos fertilizantes solubles en agua se pueden producir tanto individuales como compuestos, y como macro y micronutrientes. La aplicaci\u00f3n se puede realizar mediante fertirrigaci\u00f3n (en invernaderos y cultivos al aire libre) pero tambi\u00e9n como nutrici\u00f3n foliar o aplicaci\u00f3n en campo. Este amplio abanico de posibilidades hace que el conocimiento [&hellip;]<\/p>\n","protected":false},"author":2,"featured_media":0,"parent":0,"menu_order":0,"comment_status":"closed","ping_status":"closed","template":"","meta":{"_acf_changed":false,"inline_featured_image":false,"footnotes":""},"class_list":["post-335","page","type-page","status-publish","hentry"],"acf":[],"yoast_head":"<!-- This site is optimized with the Yoast SEO plugin v27.3 - https:\/\/yoast.com\/product\/yoast-seo-wordpress\/ -->\n<title>Nutrici\u00f3n vegetal soluble en agua - HSPN Consulting<\/title>\n<meta name=\"robots\" content=\"index, follow, max-snippet:-1, max-image-preview:large, max-video-preview:-1\" \/>\n<link rel=\"canonical\" href=\"https:\/\/hspn.consulting\/es\/nutricion-vegetal-soluble-en-agua\/\" \/>\n<meta property=\"og:locale\" content=\"es_ES\" \/>\n<meta property=\"og:type\" content=\"article\" \/>\n<meta property=\"og:title\" content=\"Nutrici\u00f3n vegetal soluble en agua - HSPN Consulting\" \/>\n<meta property=\"og:description\" content=\"Amplia gama de fertilizantes solubles en aguaLos fertilizantes solubles en agua se pueden producir tanto individuales como compuestos, y como macro y micronutrientes. La aplicaci\u00f3n se puede realizar mediante fertirrigaci\u00f3n (en invernaderos y cultivos al aire libre) pero tambi\u00e9n como nutrici\u00f3n foliar o aplicaci\u00f3n en campo. Este amplio abanico de posibilidades hace que el conocimiento [&hellip;]\" \/>\n<meta property=\"og:url\" content=\"https:\/\/hspn.consulting\/es\/nutricion-vegetal-soluble-en-agua\/\" \/>\n<meta property=\"og:site_name\" content=\"HSPN Consulting\" \/>\n<meta property=\"article:modified_time\" content=\"2024-01-27T16:32:13+00:00\" \/>\n<meta property=\"og:image\" content=\"https:\/\/hspn.consulting\/wp-content\/uploads\/2024\/01\/npk-icon.svg\" \/>\n<meta name=\"twitter:card\" content=\"summary_large_image\" \/>\n<meta name=\"twitter:label1\" content=\"Tiempo de lectura\" \/>\n\t<meta name=\"twitter:data1\" content=\"2 minutos\" \/>\n<script type=\"application\/ld+json\" class=\"yoast-schema-graph\">{\"@context\":\"https:\\\/\\\/schema.org\",\"@graph\":[{\"@type\":\"WebPage\",\"@id\":\"https:\\\/\\\/hspn.consulting\\\/es\\\/nutricion-vegetal-soluble-en-agua\\\/\",\"url\":\"https:\\\/\\\/hspn.consulting\\\/es\\\/nutricion-vegetal-soluble-en-agua\\\/\",\"name\":\"Nutrici\u00f3n vegetal soluble en agua - HSPN Consulting\",\"isPartOf\":{\"@id\":\"https:\\\/\\\/hspn.consulting\\\/es\\\/#website\"},\"primaryImageOfPage\":{\"@id\":\"https:\\\/\\\/hspn.consulting\\\/es\\\/nutricion-vegetal-soluble-en-agua\\\/#primaryimage\"},\"image\":{\"@id\":\"https:\\\/\\\/hspn.consulting\\\/es\\\/nutricion-vegetal-soluble-en-agua\\\/#primaryimage\"},\"thumbnailUrl\":\"https:\\\/\\\/hspn.consulting\\\/wp-content\\\/uploads\\\/2024\\\/01\\\/npk-icon.svg\",\"datePublished\":\"2024-01-10T13:13:29+00:00\",\"dateModified\":\"2024-01-27T16:32:13+00:00\",\"breadcrumb\":{\"@id\":\"https:\\\/\\\/hspn.consulting\\\/es\\\/nutricion-vegetal-soluble-en-agua\\\/#breadcrumb\"},\"inLanguage\":\"es\",\"potentialAction\":[{\"@type\":\"ReadAction\",\"target\":[\"https:\\\/\\\/hspn.consulting\\\/es\\\/nutricion-vegetal-soluble-en-agua\\\/\"]}]},{\"@type\":\"ImageObject\",\"inLanguage\":\"es\",\"@id\":\"https:\\\/\\\/hspn.consulting\\\/es\\\/nutricion-vegetal-soluble-en-agua\\\/#primaryimage\",\"url\":\"https:\\\/\\\/hspn.consulting\\\/wp-content\\\/uploads\\\/2024\\\/01\\\/npk-icon.svg\",\"contentUrl\":\"https:\\\/\\\/hspn.consulting\\\/wp-content\\\/uploads\\\/2024\\\/01\\\/npk-icon.svg\"},{\"@type\":\"BreadcrumbList\",\"@id\":\"https:\\\/\\\/hspn.consulting\\\/es\\\/nutricion-vegetal-soluble-en-agua\\\/#breadcrumb\",\"itemListElement\":[{\"@type\":\"ListItem\",\"position\":1,\"name\":\"Home\",\"item\":\"https:\\\/\\\/hspn.consulting\\\/es\\\/\"},{\"@type\":\"ListItem\",\"position\":2,\"name\":\"Nutrici\u00f3n vegetal soluble en agua\"}]},{\"@type\":\"WebSite\",\"@id\":\"https:\\\/\\\/hspn.consulting\\\/es\\\/#website\",\"url\":\"https:\\\/\\\/hspn.consulting\\\/es\\\/\",\"name\":\"HSPN Consulting\",\"description\":\"\",\"potentialAction\":[{\"@type\":\"SearchAction\",\"target\":{\"@type\":\"EntryPoint\",\"urlTemplate\":\"https:\\\/\\\/hspn.consulting\\\/es\\\/?s={search_term_string}\"},\"query-input\":{\"@type\":\"PropertyValueSpecification\",\"valueRequired\":true,\"valueName\":\"search_term_string\"}}],\"inLanguage\":\"es\"}]}<\/script>\n<!-- \/ Yoast SEO plugin. -->","yoast_head_json":{"title":"Nutrici\u00f3n vegetal soluble en agua - HSPN Consulting","robots":{"index":"index","follow":"follow","max-snippet":"max-snippet:-1","max-image-preview":"max-image-preview:large","max-video-preview":"max-video-preview:-1"},"canonical":"https:\/\/hspn.consulting\/es\/nutricion-vegetal-soluble-en-agua\/","og_locale":"es_ES","og_type":"article","og_title":"Nutrici\u00f3n vegetal soluble en agua - HSPN Consulting","og_description":"Amplia gama de fertilizantes solubles en aguaLos fertilizantes solubles en agua se pueden producir tanto individuales como compuestos, y como macro y micronutrientes. La aplicaci\u00f3n se puede realizar mediante fertirrigaci\u00f3n (en invernaderos y cultivos al aire libre) pero tambi\u00e9n como nutrici\u00f3n foliar o aplicaci\u00f3n en campo. Este amplio abanico de posibilidades hace que el conocimiento [&hellip;]","og_url":"https:\/\/hspn.consulting\/es\/nutricion-vegetal-soluble-en-agua\/","og_site_name":"HSPN Consulting","article_modified_time":"2024-01-27T16:32:13+00:00","og_image":[{"url":"https:\/\/hspn.consulting\/wp-content\/uploads\/2024\/01\/npk-icon.svg","type":"","width":"","height":""}],"twitter_card":"summary_large_image","twitter_misc":{"Tiempo de lectura":"2 minutos"},"schema":{"@context":"https:\/\/schema.org","@graph":[{"@type":"WebPage","@id":"https:\/\/hspn.consulting\/es\/nutricion-vegetal-soluble-en-agua\/","url":"https:\/\/hspn.consulting\/es\/nutricion-vegetal-soluble-en-agua\/","name":"Nutrici\u00f3n vegetal soluble en agua - HSPN Consulting","isPartOf":{"@id":"https:\/\/hspn.consulting\/es\/#website"},"primaryImageOfPage":{"@id":"https:\/\/hspn.consulting\/es\/nutricion-vegetal-soluble-en-agua\/#primaryimage"},"image":{"@id":"https:\/\/hspn.consulting\/es\/nutricion-vegetal-soluble-en-agua\/#primaryimage"},"thumbnailUrl":"https:\/\/hspn.consulting\/wp-content\/uploads\/2024\/01\/npk-icon.svg","datePublished":"2024-01-10T13:13:29+00:00","dateModified":"2024-01-27T16:32:13+00:00","breadcrumb":{"@id":"https:\/\/hspn.consulting\/es\/nutricion-vegetal-soluble-en-agua\/#breadcrumb"},"inLanguage":"es","potentialAction":[{"@type":"ReadAction","target":["https:\/\/hspn.consulting\/es\/nutricion-vegetal-soluble-en-agua\/"]}]},{"@type":"ImageObject","inLanguage":"es","@id":"https:\/\/hspn.consulting\/es\/nutricion-vegetal-soluble-en-agua\/#primaryimage","url":"https:\/\/hspn.consulting\/wp-content\/uploads\/2024\/01\/npk-icon.svg","contentUrl":"https:\/\/hspn.consulting\/wp-content\/uploads\/2024\/01\/npk-icon.svg"},{"@type":"BreadcrumbList","@id":"https:\/\/hspn.consulting\/es\/nutricion-vegetal-soluble-en-agua\/#breadcrumb","itemListElement":[{"@type":"ListItem","position":1,"name":"Home","item":"https:\/\/hspn.consulting\/es\/"},{"@type":"ListItem","position":2,"name":"Nutrici\u00f3n vegetal soluble en agua"}]},{"@type":"WebSite","@id":"https:\/\/hspn.consulting\/es\/#website","url":"https:\/\/hspn.consulting\/es\/","name":"HSPN Consulting","description":"","potentialAction":[{"@type":"SearchAction","target":{"@type":"EntryPoint","urlTemplate":"https:\/\/hspn.consulting\/es\/?s={search_term_string}"},"query-input":{"@type":"PropertyValueSpecification","valueRequired":true,"valueName":"search_term_string"}}],"inLanguage":"es"}]}},"_links":{"self":[{"href":"https:\/\/hspn.consulting\/es\/wp-json\/wp\/v2\/pages\/335","targetHints":{"allow":["GET"]}}],"collection":[{"href":"https:\/\/hspn.consulting\/es\/wp-json\/wp\/v2\/pages"}],"about":[{"href":"https:\/\/hspn.consulting\/es\/wp-json\/wp\/v2\/types\/page"}],"author":[{"embeddable":true,"href":"https:\/\/hspn.consulting\/es\/wp-json\/wp\/v2\/users\/2"}],"replies":[{"embeddable":true,"href":"https:\/\/hspn.consulting\/es\/wp-json\/wp\/v2\/comments?post=335"}],"version-history":[{"count":8,"href":"https:\/\/hspn.consulting\/es\/wp-json\/wp\/v2\/pages\/335\/revisions"}],"predecessor-version":[{"id":901,"href":"https:\/\/hspn.consulting\/es\/wp-json\/wp\/v2\/pages\/335\/revisions\/901"}],"wp:attachment":[{"href":"https:\/\/hspn.consulting\/es\/wp-json\/wp\/v2\/media?parent=335"}],"curies":[{"name":"wp","href":"https:\/\/api.w.org\/{rel}","templated":true}]}}