{"id":182,"date":"2024-01-09T19:27:58","date_gmt":"2024-01-09T19:27:58","guid":{"rendered":"https:\/\/hspn.consulting\/?page_id=182"},"modified":"2024-01-26T14:15:57","modified_gmt":"2024-01-26T14:15:57","slug":"home","status":"publish","type":"page","link":"https:\/\/hspn.consulting\/nl\/","title":{"rendered":"Home"},"content":{"rendered":"\n\n\n<section id=\"content-block_d944c7c8fb7f91058ea9b0b8f714ae99\" class=\"alignfull section hero-section  alignfull\">\n\n    <img decoding=\"async\" class=\"foto\" src=\"https:\/\/hspn.consulting\/wp-content\/uploads\/2024\/01\/Foto-Homepage-HSPN-paprika-met-hand.jpg\" alt=\"\" \/>\n\n      <div class=\"container\">\n        <div class=\"row\">\n          <div class=\"col-xl-5\">\n            <h1>\n              Business development\r\n<strong>in specialty plant nutrition<\/strong>            <\/h1>\n          <\/div>\n        <\/div>\n      <\/div>\n      <div class=\"bottom-arrow-box\">\n        <img decoding=\"async\" src=\"https:\/\/hspn.consulting\/wp-content\/themes\/HSPN\/src\/images\/yellow-arrow2.svg\" \/>\n      <\/div>\n    <\/section>\n\n    <section class=\"alignfull section yellow-section\">\n      <div class=\"container\">\n        <div class=\"row\">\n          <div class=\"col-md-12\">\n            <p>Een correcte bemesting, toegediend met de juiste meststoffen, draagt bij aan een optimaal rendement en minimale uitspoeling van nutri\u00ebnten naar het milieu. Voor een duurzame en toekomstbestendige land- en tuinbouw is optimalisatie van bemesting \u00e9\u00e9n van de sleutelfactoren.<\/p>\n<p>&nbsp;<\/p>\n<p>En dat is precies, waar HSPN Consulting voor staat. Met onze kennis en ervaring dragen we bij aan het optimaliseren van plantenvoeding in dienst van producenten en handelsbedrijven. In elke fase: vanaf de wetenschappelijke onderbouwing tot de commerci\u00eble uitrol. Waar en wanneer u instapt, bepaalt u.<\/p>\n\n\n                                    <a href=\"https:\/\/hspn.consulting\/nl\/hspn-consulting\/\" target=\"_self\">Lees meer over HSPN Consulting<\/a>\n                \n          <\/div>\n        <\/div>\n      <\/div>\n    <\/section>\n\n\n\n\n\n\n\n\n<div style=\"height:100px\" aria-hidden=\"true\" class=\"wp-block-spacer\"><\/div>\n\n\n\n<div class=\"wp-block-columns is-layout-flex wp-container-core-columns-is-layout-9d6595d7 wp-block-columns-is-layout-flex\">\n<div class=\"wp-block-column is-layout-flow wp-block-column-is-layout-flow\" style=\"flex-basis:41%\">\n<h2 class=\"wp-block-heading\"><strong><strong><strong>WATEROPLOSBARE PLANTENVOEDING<\/strong><\/strong><\/strong><\/h2>\n\n\n\n<p>In de wereld van precisielandbouw zijn wateroplosbare meststoffen cruciaal voor ieder gewas. Ondanks bestaande kennis leiden nieuwe wetenschappelijke inzichten tot innovaties.<\/p>\n<\/div>\n\n\n\n<div class=\"wp-block-column is-layout-flow wp-block-column-is-layout-flow\" style=\"flex-basis:58%\">\n<p>Wateroplosbare plantenvoeding bestaat uit vele enkelvoudige meststoffen en hun combinaties in samengestelde meststoffen. Hier komen nog steeds innovatieve producten bij. Optimalisatie van bemesting in fertigatie en bladbespuiting is niet alleen essentieel voor opbrengst en kwaliteit, maar ook voor kosteneffici\u00ebntie en milieu. HSPN Consulting, met ruim 30 jaar ervaring, ondersteunt bedrijven in het ontwikkelen van sterke businesscases op het terrein van wateroplosbare meststoffen.<\/p>\n\n\n\n<div style=\"height:100px\" aria-hidden=\"true\" class=\"wp-block-spacer\"><\/div>\n\n\n\n<p style=\"text-transform:uppercase\"><strong><a href=\"https:\/\/hspn.consulting\/nl\/wateroplosbare-plantenvoeding\">Lees meer over WATEROPLOSBARE PLANTENVOEDING<\/a><\/strong><\/p>\n<\/div>\n<\/div>\n\n\n\n<div style=\"height:50px\" aria-hidden=\"true\" class=\"wp-block-spacer\"><\/div>\n\n\n\n\n\n\n\n\n\n  <section class=\"alignfull section publications-section\">\n    <div class=\"row fototekst\">\n      <div class=\"col-lg-5 col-xl-7 publications-bg-box\">\n            <img decoding=\"async\" class=\"foto\" src=\"https:\/\/hspn.consulting\/wp-content\/uploads\/2024\/01\/15.-Strawberry-NL.jpg\" alt=\"\" \/>\n\n      <\/div>\n      <div class=\"col-lg-7 col-xl-5 publications-text-col blauw\">\n        <div class=\"text-box\">\n          <h2>Business development<\/h2>\n          <p>HSPN Consulting komt voort uit de behoeften en wensen van zowel de plant als de klant. Dat begint met een grondige landbouwkundige onderbouwing en studie van de markt, gevolgd door slimme marketing en heldere communicatie. Om zo uiteindelijk tot een succesvolle business case te komen. Van het helder formuleren van het probleem tot het vinden van de beste oplossing.<\/p>\n\n\n                                    <a href=\"https:\/\/hspn.consulting\/nl\/business-development\" target=\"_self\">Ga naar business development<\/a>\n                \n\n        <\/div>\n        <img decoding=\"async\" src=\"https:\/\/hspn.consulting\/wp-content\/themes\/HSPN\/src\/images\/a-drop.svg\" class=\"a-drop-image\" \/>\n      <\/div>\n    <\/div>\n  <\/section>\n\n\n\n<div style=\"height:100px\" aria-hidden=\"true\" class=\"wp-block-spacer\"><\/div>\n\n\n\n<div class=\"wp-block-columns is-layout-flex wp-container-core-columns-is-layout-9d6595d7 wp-block-columns-is-layout-flex\">\n<div class=\"wp-block-column is-layout-flow wp-block-column-is-layout-flow\" style=\"flex-basis:41%\">\n<h2 class=\"wp-block-heading\" style=\"text-transform:uppercase\"><strong>B<\/strong>LOGS<\/h2>\n\n\n\n<p><strong>Gedegen onderzoek is de kern van succesvolle markt- en productontwikkeling. Casussen uit de praktijk worden toegelicht in een serie blogs over SPN-bedrijfsgroeistrategie\u00ebn en marketingmateriaal.<\/strong><\/p>\n<\/div>\n\n\n\n<div class=\"wp-block-column is-layout-flow wp-block-column-is-layout-flow\" style=\"flex-basis:58%\">\n<p>In de afgelopen 30 jaar heeft Harmen Tjalling Holwerda, oprichter van HSPN Consulting, samen met collega&#8217;s een reeks publicaties gemaakt. In blogs deelt hij zijn ervaringen met het ontwikkelen van succesvolle bedrijfsgroeistrategie\u00ebn voor wateroplosbare meststoffen op basis van wetenschappelijk onderzoek. Ook schrijft hij blogs over zijn gepubliceerde marketingmateriaal, zoals handboeken en video&#8217;s over plantenvoeding en bemesting.<\/p>\n\n\n\n<div style=\"height:100px\" aria-hidden=\"true\" class=\"wp-block-spacer\"><\/div>\n\n\n\n<p style=\"text-transform:uppercase\"><strong><a href=\"https:\/\/hspn.consulting\/nl\/blogs\">Lees meer OVER BLOGS<\/a><\/strong><\/p>\n<\/div>\n<\/div>\n\n\n\n<div style=\"height:100px\" aria-hidden=\"true\" class=\"wp-block-spacer\"><\/div>\n","protected":false},"excerpt":{"rendered":"<p>WATEROPLOSBARE PLANTENVOEDING In de wereld van precisielandbouw zijn wateroplosbare meststoffen cruciaal voor ieder gewas. Ondanks bestaande kennis leiden nieuwe wetenschappelijke inzichten tot innovaties. Wateroplosbare plantenvoeding bestaat uit vele enkelvoudige meststoffen en hun combinaties in samengestelde meststoffen. Hier komen nog steeds innovatieve producten bij. Optimalisatie van bemesting in fertigatie en bladbespuiting is niet alleen essentieel voor [&hellip;]<\/p>\n","protected":false},"author":1,"featured_media":0,"parent":0,"menu_order":0,"comment_status":"closed","ping_status":"closed","template":"","meta":{"_acf_changed":false,"inline_featured_image":false,"footnotes":""},"class_list":["post-182","page","type-page","status-publish","hentry"],"acf":[],"yoast_head":"<!-- This site is optimized with the Yoast SEO plugin v27.6 - https:\/\/yoast.com\/product\/yoast-seo-wordpress\/ -->\n<title>Home - HSPN Consulting<\/title>\n<meta name=\"robots\" content=\"index, follow, max-snippet:-1, max-image-preview:large, max-video-preview:-1\" \/>\n<link rel=\"canonical\" href=\"https:\/\/hspn.consulting\/nl\/\" \/>\n<meta property=\"og:locale\" content=\"nl_NL\" \/>\n<meta property=\"og:type\" content=\"article\" \/>\n<meta property=\"og:title\" content=\"Home - HSPN Consulting\" \/>\n<meta property=\"og:description\" content=\"WATEROPLOSBARE PLANTENVOEDING In de wereld van precisielandbouw zijn wateroplosbare meststoffen cruciaal voor ieder gewas. Ondanks bestaande kennis leiden nieuwe wetenschappelijke inzichten tot innovaties. Wateroplosbare plantenvoeding bestaat uit vele enkelvoudige meststoffen en hun combinaties in samengestelde meststoffen. Hier komen nog steeds innovatieve producten bij. Optimalisatie van bemesting in fertigatie en bladbespuiting is niet alleen essentieel voor [&hellip;]\" \/>\n<meta property=\"og:url\" content=\"https:\/\/hspn.consulting\/nl\/\" \/>\n<meta property=\"og:site_name\" content=\"HSPN Consulting\" \/>\n<meta property=\"article:modified_time\" content=\"2024-01-26T14:15:57+00:00\" \/>\n<meta name=\"twitter:card\" content=\"summary_large_image\" \/>\n<meta name=\"twitter:label1\" content=\"Geschatte leestijd\" \/>\n\t<meta name=\"twitter:data1\" content=\"1 minuut\" \/>\n<script type=\"application\/ld+json\" class=\"yoast-schema-graph\">{\"@context\":\"https:\\\/\\\/schema.org\",\"@graph\":[{\"@type\":\"WebPage\",\"@id\":\"https:\\\/\\\/hspn.consulting\\\/nl\\\/\",\"url\":\"https:\\\/\\\/hspn.consulting\\\/nl\\\/\",\"name\":\"Home - HSPN Consulting\",\"isPartOf\":{\"@id\":\"https:\\\/\\\/hspn.consulting\\\/nl\\\/#website\"},\"datePublished\":\"2024-01-09T19:27:58+00:00\",\"dateModified\":\"2024-01-26T14:15:57+00:00\",\"breadcrumb\":{\"@id\":\"https:\\\/\\\/hspn.consulting\\\/nl\\\/#breadcrumb\"},\"inLanguage\":\"nl-NL\",\"potentialAction\":[{\"@type\":\"ReadAction\",\"target\":[\"https:\\\/\\\/hspn.consulting\\\/nl\\\/\"]}]},{\"@type\":\"BreadcrumbList\",\"@id\":\"https:\\\/\\\/hspn.consulting\\\/nl\\\/#breadcrumb\",\"itemListElement\":[{\"@type\":\"ListItem\",\"position\":1,\"name\":\"Home\",\"item\":\"https:\\\/\\\/hspn.consulting\\\/nl\\\/\"},{\"@type\":\"ListItem\",\"position\":2,\"name\":\"Home\"}]},{\"@type\":\"WebSite\",\"@id\":\"https:\\\/\\\/hspn.consulting\\\/nl\\\/#website\",\"url\":\"https:\\\/\\\/hspn.consulting\\\/nl\\\/\",\"name\":\"HSPN Consulting\",\"description\":\"\",\"potentialAction\":[{\"@type\":\"SearchAction\",\"target\":{\"@type\":\"EntryPoint\",\"urlTemplate\":\"https:\\\/\\\/hspn.consulting\\\/nl\\\/?s={search_term_string}\"},\"query-input\":{\"@type\":\"PropertyValueSpecification\",\"valueRequired\":true,\"valueName\":\"search_term_string\"}}],\"inLanguage\":\"nl-NL\"}]}<\/script>\n<!-- \/ Yoast SEO plugin. -->","yoast_head_json":{"title":"Home - HSPN Consulting","robots":{"index":"index","follow":"follow","max-snippet":"max-snippet:-1","max-image-preview":"max-image-preview:large","max-video-preview":"max-video-preview:-1"},"canonical":"https:\/\/hspn.consulting\/nl\/","og_locale":"nl_NL","og_type":"article","og_title":"Home - HSPN Consulting","og_description":"WATEROPLOSBARE PLANTENVOEDING In de wereld van precisielandbouw zijn wateroplosbare meststoffen cruciaal voor ieder gewas. Ondanks bestaande kennis leiden nieuwe wetenschappelijke inzichten tot innovaties. Wateroplosbare plantenvoeding bestaat uit vele enkelvoudige meststoffen en hun combinaties in samengestelde meststoffen. Hier komen nog steeds innovatieve producten bij. Optimalisatie van bemesting in fertigatie en bladbespuiting is niet alleen essentieel voor [&hellip;]","og_url":"https:\/\/hspn.consulting\/nl\/","og_site_name":"HSPN Consulting","article_modified_time":"2024-01-26T14:15:57+00:00","twitter_card":"summary_large_image","twitter_misc":{"Geschatte leestijd":"1 minuut"},"schema":{"@context":"https:\/\/schema.org","@graph":[{"@type":"WebPage","@id":"https:\/\/hspn.consulting\/nl\/","url":"https:\/\/hspn.consulting\/nl\/","name":"Home - HSPN Consulting","isPartOf":{"@id":"https:\/\/hspn.consulting\/nl\/#website"},"datePublished":"2024-01-09T19:27:58+00:00","dateModified":"2024-01-26T14:15:57+00:00","breadcrumb":{"@id":"https:\/\/hspn.consulting\/nl\/#breadcrumb"},"inLanguage":"nl-NL","potentialAction":[{"@type":"ReadAction","target":["https:\/\/hspn.consulting\/nl\/"]}]},{"@type":"BreadcrumbList","@id":"https:\/\/hspn.consulting\/nl\/#breadcrumb","itemListElement":[{"@type":"ListItem","position":1,"name":"Home","item":"https:\/\/hspn.consulting\/nl\/"},{"@type":"ListItem","position":2,"name":"Home"}]},{"@type":"WebSite","@id":"https:\/\/hspn.consulting\/nl\/#website","url":"https:\/\/hspn.consulting\/nl\/","name":"HSPN Consulting","description":"","potentialAction":[{"@type":"SearchAction","target":{"@type":"EntryPoint","urlTemplate":"https:\/\/hspn.consulting\/nl\/?s={search_term_string}"},"query-input":{"@type":"PropertyValueSpecification","valueRequired":true,"valueName":"search_term_string"}}],"inLanguage":"nl-NL"}]}},"_links":{"self":[{"href":"https:\/\/hspn.consulting\/nl\/wp-json\/wp\/v2\/pages\/182","targetHints":{"allow":["GET"]}}],"collection":[{"href":"https:\/\/hspn.consulting\/nl\/wp-json\/wp\/v2\/pages"}],"about":[{"href":"https:\/\/hspn.consulting\/nl\/wp-json\/wp\/v2\/types\/page"}],"author":[{"embeddable":true,"href":"https:\/\/hspn.consulting\/nl\/wp-json\/wp\/v2\/users\/1"}],"replies":[{"embeddable":true,"href":"https:\/\/hspn.consulting\/nl\/wp-json\/wp\/v2\/comments?post=182"}],"version-history":[{"count":13,"href":"https:\/\/hspn.consulting\/nl\/wp-json\/wp\/v2\/pages\/182\/revisions"}],"predecessor-version":[{"id":869,"href":"https:\/\/hspn.consulting\/nl\/wp-json\/wp\/v2\/pages\/182\/revisions\/869"}],"wp:attachment":[{"href":"https:\/\/hspn.consulting\/nl\/wp-json\/wp\/v2\/media?parent=182"}],"curies":[{"name":"wp","href":"https:\/\/api.w.org\/{rel}","templated":true}]}}